{"id":3,"date":"2026-03-23T12:52:11","date_gmt":"2026-03-23T15:52:11","guid":{"rendered":"https:\/\/sistematorge.com.br\/site\/?page_id=3"},"modified":"2026-03-23T15:58:10","modified_gmt":"2026-03-23T18:58:10","slug":"politica-de-privacidade","status":"publish","type":"page","link":"https:\/\/sistematorge.com.br\/site\/politica-de-privacidade\/","title":{"rendered":"Pol\u00edtica de Privacidade"},"content":{"rendered":"\t\t<div data-elementor-type=\"wp-page\" data-elementor-id=\"3\" class=\"elementor elementor-3\" data-elementor-post-type=\"page\">\n\t\t\t\t<div class=\"elementor-element elementor-element-de41d1a e-flex e-con-boxed e-con e-parent\" data-id=\"de41d1a\" data-element_type=\"container\" data-e-type=\"container\" data-settings=\"{&quot;background_background&quot;:&quot;classic&quot;}\">\n\t\t\t\t\t<div class=\"e-con-inner\">\n\t\t<div class=\"elementor-element elementor-element-5a7e3b52 e-con-full e-flex e-con e-child\" data-id=\"5a7e3b52\" data-element_type=\"container\" data-e-type=\"container\">\n\t\t\t\t<div class=\"elementor-element elementor-element-7b130241 elementor-widget elementor-widget-image\" data-id=\"7b130241\" data-element_type=\"widget\" data-e-type=\"widget\" data-widget_type=\"image.default\">\n\t\t\t\t\t\t\t\t\t\t\t\t\t\t\t\t<a href=\"https:\/\/sistematorge.com.br\/site\/\">\n\t\t\t\t\t\t\t<img fetchpriority=\"high\" decoding=\"async\" width=\"700\" height=\"300\" src=\"https:\/\/sistematorge.com.br\/site\/wp-content\/uploads\/2026\/03\/torge2.png\" class=\"attachment-full size-full wp-image-99\" alt=\"\" srcset=\"https:\/\/sistematorge.com.br\/site\/wp-content\/uploads\/2026\/03\/torge2.png 700w, https:\/\/sistematorge.com.br\/site\/wp-content\/uploads\/2026\/03\/torge2-300x129.png 300w\" sizes=\"(max-width: 700px) 100vw, 700px\" \/>\t\t\t\t\t\t\t\t<\/a>\n\t\t\t\t\t\t\t\t\t\t\t\t\t\t\t<\/div>\n\t\t\t\t<\/div>\n\t\t<div class=\"elementor-element elementor-element-4a950043 e-con-full e-flex e-con e-child\" data-id=\"4a950043\" data-element_type=\"container\" data-e-type=\"container\">\n\t\t\t\t<div class=\"elementor-element elementor-element-57abcc0b elementor-nav-menu__align-center elementor-nav-menu--stretch elementor-nav-menu--dropdown-tablet elementor-nav-menu__text-align-aside elementor-nav-menu--toggle elementor-nav-menu--burger elementor-widget elementor-widget-nav-menu\" data-id=\"57abcc0b\" data-element_type=\"widget\" data-e-type=\"widget\" data-settings=\"{&quot;full_width&quot;:&quot;stretch&quot;,&quot;layout&quot;:&quot;horizontal&quot;,&quot;submenu_icon&quot;:{&quot;value&quot;:&quot;&lt;svg aria-hidden=\\&quot;true\\&quot; class=\\&quot;e-font-icon-svg e-fas-caret-down\\&quot; viewBox=\\&quot;0 0 320 512\\&quot; xmlns=\\&quot;http:\\\/\\\/www.w3.org\\\/2000\\\/svg\\&quot;&gt;&lt;path d=\\&quot;M31.3 192h257.3c17.8 0 26.7 21.5 14.1 34.1L174.1 354.8c-7.8 7.8-20.5 7.8-28.3 0L17.2 226.1C4.6 213.5 13.5 192 31.3 192z\\&quot;&gt;&lt;\\\/path&gt;&lt;\\\/svg&gt;&quot;,&quot;library&quot;:&quot;fa-solid&quot;},&quot;toggle&quot;:&quot;burger&quot;}\" data-widget_type=\"nav-menu.default\">\n\t\t\t\t\t\t\t\t<nav aria-label=\"Menu\" class=\"elementor-nav-menu--main elementor-nav-menu__container elementor-nav-menu--layout-horizontal e--pointer-none\">\n\t\t\t\t<ul id=\"menu-1-57abcc0b\" class=\"elementor-nav-menu\"><li class=\"menu-item menu-item-type-post_type menu-item-object-page menu-item-home menu-item-303\"><a href=\"https:\/\/sistematorge.com.br\/site\/\" class=\"elementor-item\">In\u00edcio<\/a><\/li>\n<li class=\"menu-item menu-item-type-post_type menu-item-object-page menu-item-304\"><a href=\"https:\/\/sistematorge.com.br\/site\/segmentos\/\" class=\"elementor-item\">Segmentos<\/a><\/li>\n<li class=\"menu-item menu-item-type-post_type menu-item-object-page menu-item-305\"><a href=\"https:\/\/sistematorge.com.br\/site\/sobre\/\" class=\"elementor-item\">Sobre<\/a><\/li>\n<li class=\"menu-item menu-item-type-post_type menu-item-object-page menu-item-306\"><a href=\"https:\/\/sistematorge.com.br\/site\/valores\/\" class=\"elementor-item\">Planos<\/a><\/li>\n<\/ul>\t\t\t<\/nav>\n\t\t\t\t\t<div class=\"elementor-menu-toggle\" role=\"button\" tabindex=\"0\" aria-label=\"Alternar menu\" aria-expanded=\"false\">\n\t\t\t<svg aria-hidden=\"true\" role=\"presentation\" class=\"elementor-menu-toggle__icon--open e-font-icon-svg e-eicon-menu-bar\" viewBox=\"0 0 1000 1000\" xmlns=\"http:\/\/www.w3.org\/2000\/svg\"><path d=\"M104 333H896C929 333 958 304 958 271S929 208 896 208H104C71 208 42 237 42 271S71 333 104 333ZM104 583H896C929 583 958 554 958 521S929 458 896 458H104C71 458 42 487 42 521S71 583 104 583ZM104 833H896C929 833 958 804 958 771S929 708 896 708H104C71 708 42 737 42 771S71 833 104 833Z\"><\/path><\/svg><svg aria-hidden=\"true\" role=\"presentation\" class=\"elementor-menu-toggle__icon--close e-font-icon-svg e-eicon-close\" viewBox=\"0 0 1000 1000\" xmlns=\"http:\/\/www.w3.org\/2000\/svg\"><path d=\"M742 167L500 408 258 167C246 154 233 150 217 150 196 150 179 158 167 167 154 179 150 196 150 212 150 229 154 242 171 254L408 500 167 742C138 771 138 800 167 829 196 858 225 858 254 829L496 587 738 829C750 842 767 846 783 846 800 846 817 842 829 829 842 817 846 804 846 783 846 767 842 750 829 737L588 500 833 258C863 229 863 200 833 171 804 137 775 137 742 167Z\"><\/path><\/svg>\t\t<\/div>\n\t\t\t\t\t<nav class=\"elementor-nav-menu--dropdown elementor-nav-menu__container\" aria-hidden=\"true\">\n\t\t\t\t<ul id=\"menu-2-57abcc0b\" class=\"elementor-nav-menu\"><li class=\"menu-item menu-item-type-post_type menu-item-object-page menu-item-home menu-item-303\"><a href=\"https:\/\/sistematorge.com.br\/site\/\" class=\"elementor-item\" tabindex=\"-1\">In\u00edcio<\/a><\/li>\n<li class=\"menu-item menu-item-type-post_type menu-item-object-page menu-item-304\"><a href=\"https:\/\/sistematorge.com.br\/site\/segmentos\/\" class=\"elementor-item\" tabindex=\"-1\">Segmentos<\/a><\/li>\n<li class=\"menu-item menu-item-type-post_type menu-item-object-page menu-item-305\"><a href=\"https:\/\/sistematorge.com.br\/site\/sobre\/\" class=\"elementor-item\" tabindex=\"-1\">Sobre<\/a><\/li>\n<li class=\"menu-item menu-item-type-post_type menu-item-object-page menu-item-306\"><a href=\"https:\/\/sistematorge.com.br\/site\/valores\/\" class=\"elementor-item\" tabindex=\"-1\">Planos<\/a><\/li>\n<\/ul>\t\t\t<\/nav>\n\t\t\t\t\t\t<\/div>\n\t\t\t\t<\/div>\n\t\t<div class=\"elementor-element elementor-element-6a50f0b2 e-con-full elementor-hidden-mobile e-flex e-con e-child\" data-id=\"6a50f0b2\" data-element_type=\"container\" data-e-type=\"container\">\n\t\t\t\t<div class=\"elementor-element elementor-element-2837a99c elementor-widget elementor-widget-button\" data-id=\"2837a99c\" data-element_type=\"widget\" data-e-type=\"widget\" data-widget_type=\"button.default\">\n\t\t\t\t\t\t\t\t\t\t<a class=\"elementor-button elementor-button-link elementor-size-sm\" href=\"https:\/\/sistematorge.com.br\/site\/valores\/\">\n\t\t\t\t\t\t<span class=\"elementor-button-content-wrapper\">\n\t\t\t\t\t\t\t\t\t<span class=\"elementor-button-text\">Teste Gr\u00e1tis!<\/span>\n\t\t\t\t\t<\/span>\n\t\t\t\t\t<\/a>\n\t\t\t\t\t\t\t\t<\/div>\n\t\t\t\t<div class=\"elementor-element elementor-element-73e4aae7 elementor-widget elementor-widget-button\" data-id=\"73e4aae7\" data-element_type=\"widget\" data-e-type=\"widget\" data-widget_type=\"button.default\">\n\t\t\t\t\t\t\t\t\t\t<a class=\"elementor-button elementor-button-link elementor-size-sm\" href=\"https:\/\/app.torge.com.br\/#\/login?dest=%2F\" target=\"_blank\">\n\t\t\t\t\t\t<span class=\"elementor-button-content-wrapper\">\n\t\t\t\t\t\t\t\t\t<span class=\"elementor-button-text\">Login<\/span>\n\t\t\t\t\t<\/span>\n\t\t\t\t\t<\/a>\n\t\t\t\t\t\t\t\t<\/div>\n\t\t\t\t<\/div>\n\t\t\t\t\t<\/div>\n\t\t\t\t<\/div>\n\t\t<div class=\"elementor-element elementor-element-d358fb0 e-flex e-con-boxed e-con e-parent\" data-id=\"d358fb0\" data-element_type=\"container\" data-e-type=\"container\">\n\t\t\t\t\t<div class=\"e-con-inner\">\n\t\t<div class=\"elementor-element elementor-element-5183efe e-con-full e-flex e-con e-child\" data-id=\"5183efe\" data-element_type=\"container\" data-e-type=\"container\">\n\t\t\t\t<div class=\"elementor-element elementor-element-8e5529a elementor-widget elementor-widget-image\" data-id=\"8e5529a\" data-element_type=\"widget\" data-e-type=\"widget\" data-widget_type=\"image.default\">\n\t\t\t\t\t\t\t\t\t\t\t\t\t\t\t<img decoding=\"async\" width=\"700\" height=\"300\" src=\"https:\/\/sistematorge.com.br\/site\/wp-content\/uploads\/2026\/03\/logotorge.png\" class=\"attachment-full size-full wp-image-60\" alt=\"\" srcset=\"https:\/\/sistematorge.com.br\/site\/wp-content\/uploads\/2026\/03\/logotorge.png 700w, https:\/\/sistematorge.com.br\/site\/wp-content\/uploads\/2026\/03\/logotorge-300x129.png 300w\" sizes=\"(max-width: 700px) 100vw, 700px\" \/>\t\t\t\t\t\t\t\t\t\t\t\t\t\t\t<\/div>\n\t\t\t\t<div class=\"elementor-element elementor-element-4a20ec1 elementor-widget elementor-widget-heading\" data-id=\"4a20ec1\" data-element_type=\"widget\" data-e-type=\"widget\" data-widget_type=\"heading.default\">\n\t\t\t\t\t<h2 class=\"elementor-heading-title elementor-size-default\">Pol\u00edtica de Privacidade - Torge Sistemas<\/h2>\t\t\t\t<\/div>\n\t\t\t\t<div class=\"elementor-element elementor-element-87596af elementor-widget elementor-widget-n-accordion\" data-id=\"87596af\" data-element_type=\"widget\" data-e-type=\"widget\" data-settings=\"{&quot;default_state&quot;:&quot;expanded&quot;,&quot;max_items_expended&quot;:&quot;one&quot;,&quot;n_accordion_animation_duration&quot;:{&quot;unit&quot;:&quot;ms&quot;,&quot;size&quot;:400,&quot;sizes&quot;:[]}}\" data-widget_type=\"nested-accordion.default\">\n\t\t\t\t\t\t\t<div class=\"e-n-accordion\" aria-label=\"Accordion. Open links with Enter or Space, close with Escape, and navigate with Arrow Keys\">\n\t\t\t\t\t\t<details id=\"e-n-accordion-item-1410\" class=\"e-n-accordion-item\" open>\n\t\t\t\t<summary class=\"e-n-accordion-item-title\" data-accordion-index=\"1\" tabindex=\"0\" aria-expanded=\"true\" aria-controls=\"e-n-accordion-item-1410\" >\n\t\t\t\t\t<span class='e-n-accordion-item-title-header'><div class=\"e-n-accordion-item-title-text\"> Leia os termos <\/div><\/span>\n\t\t\t\t\t\t\t<span class='e-n-accordion-item-title-icon'>\n\t\t\t<span class='e-opened' ><svg aria-hidden=\"true\" class=\"e-font-icon-svg e-far-arrow-alt-circle-up\" viewBox=\"0 0 512 512\" xmlns=\"http:\/\/www.w3.org\/2000\/svg\"><path d=\"M256 504c137 0 248-111 248-248S393 8 256 8 8 119 8 256s111 248 248 248zm0-448c110.5 0 200 89.5 200 200s-89.5 200-200 200S56 366.5 56 256 145.5 56 256 56zm20 328h-40c-6.6 0-12-5.4-12-12V256h-67c-10.7 0-16-12.9-8.5-20.5l99-99c4.7-4.7 12.3-4.7 17 0l99 99c7.6 7.6 2.2 20.5-8.5 20.5h-67v116c0 6.6-5.4 12-12 12z\"><\/path><\/svg><\/span>\n\t\t\t<span class='e-closed'><svg aria-hidden=\"true\" class=\"e-font-icon-svg e-far-arrow-alt-circle-down\" viewBox=\"0 0 512 512\" xmlns=\"http:\/\/www.w3.org\/2000\/svg\"><path d=\"M256 8C119 8 8 119 8 256s111 248 248 248 248-111 248-248S393 8 256 8zm0 448c-110.5 0-200-89.5-200-200S145.5 56 256 56s200 89.5 200 200-89.5 200-200 200zm-32-316v116h-67c-10.7 0-16 12.9-8.5 20.5l99 99c4.7 4.7 12.3 4.7 17 0l99-99c7.6-7.6 2.2-20.5-8.5-20.5h-67V140c0-6.6-5.4-12-12-12h-40c-6.6 0-12 5.4-12 12z\"><\/path><\/svg><\/span>\n\t\t<\/span>\n\n\t\t\t\t\t\t<\/summary>\n\t\t\t\t<div role=\"region\" aria-labelledby=\"e-n-accordion-item-1410\" class=\"elementor-element elementor-element-3c2f0f3 e-con-full e-flex e-con e-child\" data-id=\"3c2f0f3\" data-element_type=\"container\" data-e-type=\"container\">\n\t\t<div role=\"region\" aria-labelledby=\"e-n-accordion-item-1410\" class=\"elementor-element elementor-element-cb789ee e-flex e-con-boxed e-con e-child\" data-id=\"cb789ee\" data-element_type=\"container\" data-e-type=\"container\">\n\t\t\t\t\t<div class=\"e-con-inner\">\n\t\t\t\t<div class=\"elementor-element elementor-element-cdf2b03 elementor-widget elementor-widget-text-editor\" data-id=\"cdf2b03\" data-element_type=\"widget\" data-e-type=\"widget\" data-widget_type=\"text-editor.default\">\n\t\t\t\t\t\t\t\t\t<p class=\"isSelectedEnd\">\u00daltima atualiza\u00e7\u00e3o: <span class=\"text-token-text-primary cursor-text rounded-sm\" data-placeholder-token=\"true\">23\/03\/2026<br \/><br \/>Ao acessar e utilizar o site <a href=\"https:\/\/sistematorge.com.br\/site\/\">https:\/\/sistematorge.com.br\/site\/<\/a>, voc\u00ea concorda com os presentes Termos de Uso. Caso n\u00e3o concorde, recomendamos que n\u00e3o utilize o site.<br \/><\/span><\/p>\n<p class=\"isSelectedEnd\">Esta Pol\u00edtica de Privacidade explica como coletamos, usamos e protegemos os dados dos usu\u00e1rios, em conformidade com a Lei Geral de Prote\u00e7\u00e3o de Dados (LGPD \u2013 Lei n\u00ba 13.709\/2018).<\/p>\n<h5>1. COLETA DE DADOS<\/h5>\n<p class=\"isSelectedEnd\">Podemos coletar os seguintes dados:<\/p>\n<ul data-spread=\"false\">\n<li>Nome<\/li>\n<li>E-mail<\/li>\n<li>Telefone<\/li>\n<li>Informa\u00e7\u00f5es enviadas via formul\u00e1rio<br \/><br \/><\/li>\n<\/ul>\n<p class=\"isSelectedEnd\">A coleta ocorre quando o usu\u00e1rio preenche formul\u00e1rios no site.<br \/><br \/><\/p>\n<h5>2. FINALIDADE DOS DADOS<\/h5>\n<p class=\"isSelectedEnd\">Os dados s\u00e3o utilizados para:<\/p>\n<ul data-spread=\"false\">\n<li>Entrar em contato com o usu\u00e1rio;<\/li>\n<li>Prestar suporte e atendimento;<\/li>\n<li>Melhorar nossos servi\u00e7os;<\/li>\n<li>Cumprir obriga\u00e7\u00f5es legais.<br \/><br \/><\/li>\n<\/ul>\n<h5>3. COMPARTILHAMENTO DE DADOS<\/h5>\n<p class=\"isSelectedEnd\">N\u00e3o vendemos dados pessoais.<\/p>\n<p class=\"isSelectedEnd\">Os dados podem ser compartilhados apenas quando necess\u00e1rio com:<\/p>\n<ul data-spread=\"false\">\n<li>Ferramentas de hospedagem e tecnologia;<\/li>\n<li>Servi\u00e7os essenciais para funcionamento do site.<br \/><br \/><\/li>\n<\/ul>\n<h5>4. ARMAZENAMENTO E SEGURAN\u00c7A<\/h5>\n<p class=\"isSelectedEnd\">Adotamos medidas t\u00e9cnicas para proteger os dados contra:<\/p>\n<ul data-spread=\"false\">\n<li>Acesso n\u00e3o autorizado;<\/li>\n<li>Vazamentos;<\/li>\n<li>Uso indevido.<br \/><br \/><\/li>\n<\/ul>\n<h5>5. COOKIES<\/h5>\n<p class=\"isSelectedEnd\">Utilizamos cookies para:<\/p>\n<ul data-spread=\"false\">\n<li>Melhorar a experi\u00eancia do usu\u00e1rio;<\/li>\n<li>Analisar o tr\u00e1fego do site.<br \/><br \/><\/li>\n<\/ul>\n<p class=\"isSelectedEnd\">O usu\u00e1rio pode desativar cookies nas configura\u00e7\u00f5es do navegador.<br \/><br \/><\/p>\n<h5>6. DIREITOS DO USU\u00c1RIO<\/h5>\n<p class=\"isSelectedEnd\">O usu\u00e1rio pode, a qualquer momento:<\/p>\n<ul data-spread=\"false\">\n<li>Solicitar acesso aos seus dados;<\/li>\n<li>Corrigir ou excluir informa\u00e7\u00f5es;<\/li>\n<li>Revogar consentimento.<br \/><br \/><\/li>\n<\/ul>\n<h5>7. CONSENTIMENTO<\/h5>\n<p class=\"isSelectedEnd\">Ao utilizar o site, o usu\u00e1rio concorda com esta Pol\u00edtica de Privacidade.<\/p>\n<h5>8. CONTATO<\/h5>\n<p>Para solicita\u00e7\u00f5es relacionadas a dados pessoais, entre em contato pelos canais dispon\u00edveis no site.<\/p>\t\t\t\t\t\t\t\t<\/div>\n\t\t\t\t\t<\/div>\n\t\t\t\t<\/div>\n\t\t\t\t<\/div>\n\t\t\t\t\t<\/details>\n\t\t\t\t\t<\/div>\n\t\t\t\t\t\t<\/div>\n\t\t\t\t<\/div>\n\t\t\t\t\t<\/div>\n\t\t\t\t<\/div>\n\t\t<div class=\"elementor-element elementor-element-39fa3821 e-flex e-con-boxed e-con e-parent\" data-id=\"39fa3821\" data-element_type=\"container\" data-e-type=\"container\" data-settings=\"{&quot;background_background&quot;:&quot;classic&quot;}\">\n\t\t\t\t\t<div class=\"e-con-inner\">\n\t\t<div class=\"elementor-element elementor-element-18a4ec57 e-con-full e-flex e-con e-child\" data-id=\"18a4ec57\" data-element_type=\"container\" data-e-type=\"container\">\n\t\t<div class=\"elementor-element elementor-element-696a8df4 e-con-full e-flex e-con e-child\" data-id=\"696a8df4\" data-element_type=\"container\" data-e-type=\"container\">\n\t\t\t\t<div class=\"elementor-element elementor-element-56b2a4dc elementor-widget__width-initial elementor-widget elementor-widget-image\" data-id=\"56b2a4dc\" data-element_type=\"widget\" data-e-type=\"widget\" data-widget_type=\"image.default\">\n\t\t\t\t\t\t\t\t\t\t\t\t\t\t\t<img decoding=\"async\" width=\"700\" height=\"300\" src=\"https:\/\/sistematorge.com.br\/site\/wp-content\/uploads\/2026\/03\/torge2.png\" class=\"attachment-large size-large wp-image-99\" alt=\"\" srcset=\"https:\/\/sistematorge.com.br\/site\/wp-content\/uploads\/2026\/03\/torge2.png 700w, https:\/\/sistematorge.com.br\/site\/wp-content\/uploads\/2026\/03\/torge2-300x129.png 300w\" sizes=\"(max-width: 700px) 100vw, 700px\" \/>\t\t\t\t\t\t\t\t\t\t\t\t\t\t\t<\/div>\n\t\t\t\t<div class=\"elementor-element elementor-element-1b2d4859 elementor-widget__width-initial elementor-widget elementor-widget-text-editor\" data-id=\"1b2d4859\" data-element_type=\"widget\" data-e-type=\"widget\" data-widget_type=\"text-editor.default\">\n\t\t\t\t\t\t\t\t\t<p>Revendedor autorizado<br \/>Solu\u00e7\u00f5es em tecnologia e sistemas<br \/>para automa\u00e7\u00e3o comercial.<\/p>\t\t\t\t\t\t\t\t<\/div>\n\t\t\t\t<div class=\"elementor-element elementor-element-2a95f8c6 elementor-widget elementor-widget-text-editor\" data-id=\"2a95f8c6\" data-element_type=\"widget\" data-e-type=\"widget\" data-widget_type=\"text-editor.default\">\n\t\t\t\t\t\t\t\t\t<p>R. Jo\u00e3o Fascina n\u00ba170<br \/>Jardim Heitor, Pitangueiras \u2013 SP<br \/>CEP: 14753-050<\/p>\t\t\t\t\t\t\t\t<\/div>\n\t\t\t\t<\/div>\n\t\t<div class=\"elementor-element elementor-element-379a03be e-con-full e-flex e-con e-child\" data-id=\"379a03be\" data-element_type=\"container\" data-e-type=\"container\">\n\t\t<div class=\"elementor-element elementor-element-6e6c8ff6 e-con-full e-flex e-con e-child\" data-id=\"6e6c8ff6\" data-element_type=\"container\" data-e-type=\"container\">\n\t\t\t\t<div class=\"elementor-element elementor-element-26d2ad76 elementor-widget elementor-widget-text-editor\" data-id=\"26d2ad76\" data-element_type=\"widget\" data-e-type=\"widget\" data-widget_type=\"text-editor.default\">\n\t\t\t\t\t\t\t\t\t<p>Navega\u00e7\u00e3o:<\/p>\t\t\t\t\t\t\t\t<\/div>\n\t\t\t\t<div class=\"elementor-element elementor-element-64922c22 elementor-widget elementor-widget-text-editor\" data-id=\"64922c22\" data-element_type=\"widget\" data-e-type=\"widget\" data-widget_type=\"text-editor.default\">\n\t\t\t\t\t\t\t\t\t<p><a href=\"https:\/\/sistematorge.com.br\/site\/\">In\u00edcio<\/a><\/p>\t\t\t\t\t\t\t\t<\/div>\n\t\t\t\t<div class=\"elementor-element elementor-element-1fd9ceb9 elementor-widget elementor-widget-text-editor\" data-id=\"1fd9ceb9\" data-element_type=\"widget\" data-e-type=\"widget\" data-widget_type=\"text-editor.default\">\n\t\t\t\t\t\t\t\t\t<p><a href=\"https:\/\/sistematorge.com.br\/site\/segmentos\">Segmentos<\/a><\/p>\t\t\t\t\t\t\t\t<\/div>\n\t\t\t\t<div class=\"elementor-element elementor-element-612d851d elementor-widget elementor-widget-text-editor\" data-id=\"612d851d\" data-element_type=\"widget\" data-e-type=\"widget\" data-widget_type=\"text-editor.default\">\n\t\t\t\t\t\t\t\t\t<p><a href=\"https:\/\/sistematorge.com.br\/site\/sobre\">Sobre<\/a><\/p>\t\t\t\t\t\t\t\t<\/div>\n\t\t\t\t<div class=\"elementor-element elementor-element-5c7bea2a elementor-widget elementor-widget-text-editor\" data-id=\"5c7bea2a\" data-element_type=\"widget\" data-e-type=\"widget\" data-widget_type=\"text-editor.default\">\n\t\t\t\t\t\t\t\t\t<p><a href=\"https:\/\/sistematorge.com.br\/site\/valores\">Valores<\/a><\/p>\t\t\t\t\t\t\t\t<\/div>\n\t\t\t\t<\/div>\n\t\t\t\t<\/div>\n\t\t<div class=\"elementor-element elementor-element-7682385a e-con-full e-flex e-con e-child\" data-id=\"7682385a\" data-element_type=\"container\" data-e-type=\"container\">\n\t\t\t\t<div class=\"elementor-element elementor-element-484537e0 elementor-widget__width-initial elementor-widget elementor-widget-image\" data-id=\"484537e0\" data-element_type=\"widget\" data-e-type=\"widget\" data-widget_type=\"image.default\">\n\t\t\t\t\t\t\t\t\t\t\t\t\t\t\t\t<a href=\"https:\/\/apps.apple.com\/br\/app\/torge-sistema\/id6751514435\" target=\"_blank\">\n\t\t\t\t\t\t\t<img loading=\"lazy\" decoding=\"async\" width=\"700\" height=\"300\" src=\"https:\/\/sistematorge.com.br\/site\/wp-content\/uploads\/2026\/03\/appstore-1.png\" class=\"attachment-full size-full wp-image-237\" alt=\"\" srcset=\"https:\/\/sistematorge.com.br\/site\/wp-content\/uploads\/2026\/03\/appstore-1.png 700w, https:\/\/sistematorge.com.br\/site\/wp-content\/uploads\/2026\/03\/appstore-1-300x129.png 300w\" sizes=\"(max-width: 700px) 100vw, 700px\" \/>\t\t\t\t\t\t\t\t<\/a>\n\t\t\t\t\t\t\t\t\t\t\t\t\t\t\t<\/div>\n\t\t\t\t<div class=\"elementor-element elementor-element-2783c558 elementor-widget__width-initial elementor-widget elementor-widget-image\" data-id=\"2783c558\" data-element_type=\"widget\" data-e-type=\"widget\" data-widget_type=\"image.default\">\n\t\t\t\t\t\t\t\t\t\t\t\t\t\t\t\t<a href=\"https:\/\/play.google.com\/store\/apps\/details?id=app.torge.sistema&#038;hl=pt_BR\" target=\"_blank\">\n\t\t\t\t\t\t\t<img loading=\"lazy\" decoding=\"async\" width=\"700\" height=\"300\" src=\"https:\/\/sistematorge.com.br\/site\/wp-content\/uploads\/2026\/03\/googleplay-1.png\" class=\"attachment-full size-full wp-image-238\" alt=\"\" srcset=\"https:\/\/sistematorge.com.br\/site\/wp-content\/uploads\/2026\/03\/googleplay-1.png 700w, https:\/\/sistematorge.com.br\/site\/wp-content\/uploads\/2026\/03\/googleplay-1-300x129.png 300w\" sizes=\"(max-width: 700px) 100vw, 700px\" \/>\t\t\t\t\t\t\t\t<\/a>\n\t\t\t\t\t\t\t\t\t\t\t\t\t\t\t<\/div>\n\t\t\t\t<div class=\"elementor-element elementor-element-750a5c94 elementor-widget__width-initial elementor-widget elementor-widget-image\" data-id=\"750a5c94\" data-element_type=\"widget\" data-e-type=\"widget\" data-widget_type=\"image.default\">\n\t\t\t\t\t\t\t\t\t\t\t\t\t\t\t<img loading=\"lazy\" decoding=\"async\" width=\"500\" height=\"300\" src=\"https:\/\/sistematorge.com.br\/site\/wp-content\/uploads\/2026\/03\/revendedor.png\" class=\"attachment-full size-full wp-image-683\" alt=\"\" srcset=\"https:\/\/sistematorge.com.br\/site\/wp-content\/uploads\/2026\/03\/revendedor.png 500w, https:\/\/sistematorge.com.br\/site\/wp-content\/uploads\/2026\/03\/revendedor-300x180.png 300w\" sizes=\"(max-width: 500px) 100vw, 500px\" \/>\t\t\t\t\t\t\t\t\t\t\t\t\t\t\t<\/div>\n\t\t\t\t<\/div>\n\t\t\t\t<\/div>\n\t\t<div class=\"elementor-element elementor-element-643f8945 e-con-full e-flex e-con e-child\" data-id=\"643f8945\" data-element_type=\"container\" data-e-type=\"container\">\n\t\t\t\t<div class=\"elementor-element elementor-element-e896072 elementor-widget elementor-widget-text-editor\" data-id=\"e896072\" data-element_type=\"widget\" data-e-type=\"widget\" data-widget_type=\"text-editor.default\">\n\t\t\t\t\t\t\t\t\t<p>\u00a92026 \u2013 Torge Sistemas | Todos os direitos reservados.<\/p>\t\t\t\t\t\t\t\t<\/div>\n\t\t\t\t<div class=\"elementor-element elementor-element-4a50eb9c elementor-widget elementor-widget-text-editor\" data-id=\"4a50eb9c\" data-element_type=\"widget\" data-e-type=\"widget\" data-widget_type=\"text-editor.default\">\n\t\t\t\t\t\t\t\t\t<p><a href=\"https:\/\/sistematorge.com.br\/site\/termos-de-uso\">Termos de Uso<\/a><\/p>\t\t\t\t\t\t\t\t<\/div>\n\t\t\t\t<div class=\"elementor-element elementor-element-227067d3 elementor-widget elementor-widget-text-editor\" data-id=\"227067d3\" data-element_type=\"widget\" data-e-type=\"widget\" data-widget_type=\"text-editor.default\">\n\t\t\t\t\t\t\t\t\t<p><a href=\"https:\/\/sistematorge.com.br\/site\/politica-de-privacidade\">Pol\u00edtica de Privacidade<\/a><\/p>\t\t\t\t\t\t\t\t<\/div>\n\t\t\t\t<\/div>\n\t\t\t\t\t<\/div>\n\t\t\t\t<\/div>\n\t\t\t\t<\/div>\n\t\t","protected":false},"excerpt":{"rendered":"<p>Teste Gr\u00e1tis! Login Pol\u00edtica de Privacidade &#8211; Torge Sistemas Leia os termos \u00daltima atualiza\u00e7\u00e3o: 23\/03\/2026 Ao acessar e utilizar o site https:\/\/sistematorge.com.br\/site\/, voc\u00ea concorda com os presentes Termos de Uso. Caso n\u00e3o concorde, recomendamos que n\u00e3o utilize o site. Esta Pol\u00edtica de Privacidade explica como coletamos, usamos e protegemos os dados dos usu\u00e1rios, em conformidade [&hellip;]<\/p>\n","protected":false},"author":1,"featured_media":0,"parent":0,"menu_order":0,"comment_status":"closed","ping_status":"open","template":"elementor_canvas","meta":{"footnotes":""},"class_list":["post-3","page","type-page","status-publish","hentry"],"_links":{"self":[{"href":"https:\/\/sistematorge.com.br\/site\/wp-json\/wp\/v2\/pages\/3","targetHints":{"allow":["GET"]}}],"collection":[{"href":"https:\/\/sistematorge.com.br\/site\/wp-json\/wp\/v2\/pages"}],"about":[{"href":"https:\/\/sistematorge.com.br\/site\/wp-json\/wp\/v2\/types\/page"}],"author":[{"embeddable":true,"href":"https:\/\/sistematorge.com.br\/site\/wp-json\/wp\/v2\/users\/1"}],"replies":[{"embeddable":true,"href":"https:\/\/sistematorge.com.br\/site\/wp-json\/wp\/v2\/comments?post=3"}],"version-history":[{"count":38,"href":"https:\/\/sistematorge.com.br\/site\/wp-json\/wp\/v2\/pages\/3\/revisions"}],"predecessor-version":[{"id":817,"href":"https:\/\/sistematorge.com.br\/site\/wp-json\/wp\/v2\/pages\/3\/revisions\/817"}],"wp:attachment":[{"href":"https:\/\/sistematorge.com.br\/site\/wp-json\/wp\/v2\/media?parent=3"}],"curies":[{"name":"wp","href":"https:\/\/api.w.org\/{rel}","templated":true}]}}