{"id":299,"date":"2026-03-22T14:29:18","date_gmt":"2026-03-22T17:29:18","guid":{"rendered":"https:\/\/sistematorge.com.br\/site\/?page_id=299"},"modified":"2026-04-02T09:39:49","modified_gmt":"2026-04-02T12:39:49","slug":"valores","status":"publish","type":"page","link":"https:\/\/sistematorge.com.br\/site\/valores\/","title":{"rendered":"Valores"},"content":{"rendered":"\t\t<div data-elementor-type=\"wp-page\" data-elementor-id=\"299\" class=\"elementor elementor-299\" data-elementor-post-type=\"page\">\n\t\t\t\t<div class=\"elementor-element elementor-element-1688fd8 e-flex e-con-boxed e-con e-parent\" data-id=\"1688fd8\" data-element_type=\"container\" data-e-type=\"container\" data-settings=\"{&quot;background_background&quot;:&quot;classic&quot;}\">\n\t\t\t\t\t<div class=\"e-con-inner\">\n\t\t<div class=\"elementor-element elementor-element-321618be e-con-full e-flex e-con e-child\" data-id=\"321618be\" data-element_type=\"container\" data-e-type=\"container\">\n\t\t\t\t<div class=\"elementor-element elementor-element-22d5ceda elementor-widget elementor-widget-image\" data-id=\"22d5ceda\" data-element_type=\"widget\" data-e-type=\"widget\" data-widget_type=\"image.default\">\n\t\t\t\t\t\t\t\t\t\t\t\t\t\t\t\t<a href=\"https:\/\/sistematorge.com.br\/site\/\">\n\t\t\t\t\t\t\t<img fetchpriority=\"high\" decoding=\"async\" width=\"700\" height=\"300\" src=\"https:\/\/sistematorge.com.br\/site\/wp-content\/uploads\/2026\/03\/torge2.png\" class=\"attachment-full size-full wp-image-99\" alt=\"\" srcset=\"https:\/\/sistematorge.com.br\/site\/wp-content\/uploads\/2026\/03\/torge2.png 700w, https:\/\/sistematorge.com.br\/site\/wp-content\/uploads\/2026\/03\/torge2-300x129.png 300w\" sizes=\"(max-width: 700px) 100vw, 700px\" \/>\t\t\t\t\t\t\t\t<\/a>\n\t\t\t\t\t\t\t\t\t\t\t\t\t\t\t<\/div>\n\t\t\t\t<\/div>\n\t\t<div class=\"elementor-element elementor-element-42077d88 e-con-full e-flex e-con e-child\" data-id=\"42077d88\" data-element_type=\"container\" data-e-type=\"container\">\n\t\t\t\t<div class=\"elementor-element elementor-element-7fb74a8c elementor-nav-menu__align-center elementor-nav-menu--stretch elementor-nav-menu--dropdown-tablet elementor-nav-menu__text-align-aside elementor-nav-menu--toggle elementor-nav-menu--burger elementor-widget elementor-widget-nav-menu\" data-id=\"7fb74a8c\" data-element_type=\"widget\" data-e-type=\"widget\" data-settings=\"{&quot;full_width&quot;:&quot;stretch&quot;,&quot;layout&quot;:&quot;horizontal&quot;,&quot;submenu_icon&quot;:{&quot;value&quot;:&quot;&lt;svg aria-hidden=\\&quot;true\\&quot; class=\\&quot;e-font-icon-svg e-fas-caret-down\\&quot; viewBox=\\&quot;0 0 320 512\\&quot; xmlns=\\&quot;http:\\\/\\\/www.w3.org\\\/2000\\\/svg\\&quot;&gt;&lt;path d=\\&quot;M31.3 192h257.3c17.8 0 26.7 21.5 14.1 34.1L174.1 354.8c-7.8 7.8-20.5 7.8-28.3 0L17.2 226.1C4.6 213.5 13.5 192 31.3 192z\\&quot;&gt;&lt;\\\/path&gt;&lt;\\\/svg&gt;&quot;,&quot;library&quot;:&quot;fa-solid&quot;},&quot;toggle&quot;:&quot;burger&quot;}\" data-widget_type=\"nav-menu.default\">\n\t\t\t\t\t\t\t\t<nav aria-label=\"Menu\" class=\"elementor-nav-menu--main elementor-nav-menu__container elementor-nav-menu--layout-horizontal e--pointer-none\">\n\t\t\t\t<ul id=\"menu-1-7fb74a8c\" class=\"elementor-nav-menu\"><li class=\"menu-item menu-item-type-post_type menu-item-object-page menu-item-home menu-item-303\"><a href=\"https:\/\/sistematorge.com.br\/site\/\" class=\"elementor-item\">In\u00edcio<\/a><\/li>\n<li class=\"menu-item menu-item-type-post_type menu-item-object-page menu-item-304\"><a href=\"https:\/\/sistematorge.com.br\/site\/segmentos\/\" class=\"elementor-item\">Segmentos<\/a><\/li>\n<li class=\"menu-item menu-item-type-post_type menu-item-object-page menu-item-305\"><a href=\"https:\/\/sistematorge.com.br\/site\/sobre\/\" class=\"elementor-item\">Sobre<\/a><\/li>\n<li class=\"menu-item menu-item-type-post_type menu-item-object-page menu-item-306\"><a href=\"https:\/\/sistematorge.com.br\/site\/valores\/\" class=\"elementor-item\">Planos<\/a><\/li>\n<\/ul>\t\t\t<\/nav>\n\t\t\t\t\t<div class=\"elementor-menu-toggle\" role=\"button\" tabindex=\"0\" aria-label=\"Alternar menu\" aria-expanded=\"false\">\n\t\t\t<svg aria-hidden=\"true\" role=\"presentation\" class=\"elementor-menu-toggle__icon--open e-font-icon-svg e-eicon-menu-bar\" viewBox=\"0 0 1000 1000\" xmlns=\"http:\/\/www.w3.org\/2000\/svg\"><path d=\"M104 333H896C929 333 958 304 958 271S929 208 896 208H104C71 208 42 237 42 271S71 333 104 333ZM104 583H896C929 583 958 554 958 521S929 458 896 458H104C71 458 42 487 42 521S71 583 104 583ZM104 833H896C929 833 958 804 958 771S929 708 896 708H104C71 708 42 737 42 771S71 833 104 833Z\"><\/path><\/svg><svg aria-hidden=\"true\" role=\"presentation\" class=\"elementor-menu-toggle__icon--close e-font-icon-svg e-eicon-close\" viewBox=\"0 0 1000 1000\" xmlns=\"http:\/\/www.w3.org\/2000\/svg\"><path d=\"M742 167L500 408 258 167C246 154 233 150 217 150 196 150 179 158 167 167 154 179 150 196 150 212 150 229 154 242 171 254L408 500 167 742C138 771 138 800 167 829 196 858 225 858 254 829L496 587 738 829C750 842 767 846 783 846 800 846 817 842 829 829 842 817 846 804 846 783 846 767 842 750 829 737L588 500 833 258C863 229 863 200 833 171 804 137 775 137 742 167Z\"><\/path><\/svg>\t\t<\/div>\n\t\t\t\t\t<nav class=\"elementor-nav-menu--dropdown elementor-nav-menu__container\" aria-hidden=\"true\">\n\t\t\t\t<ul id=\"menu-2-7fb74a8c\" class=\"elementor-nav-menu\"><li class=\"menu-item menu-item-type-post_type menu-item-object-page menu-item-home menu-item-303\"><a href=\"https:\/\/sistematorge.com.br\/site\/\" class=\"elementor-item\" tabindex=\"-1\">In\u00edcio<\/a><\/li>\n<li class=\"menu-item menu-item-type-post_type menu-item-object-page menu-item-304\"><a href=\"https:\/\/sistematorge.com.br\/site\/segmentos\/\" class=\"elementor-item\" tabindex=\"-1\">Segmentos<\/a><\/li>\n<li class=\"menu-item menu-item-type-post_type menu-item-object-page menu-item-305\"><a href=\"https:\/\/sistematorge.com.br\/site\/sobre\/\" class=\"elementor-item\" tabindex=\"-1\">Sobre<\/a><\/li>\n<li class=\"menu-item menu-item-type-post_type menu-item-object-page menu-item-306\"><a href=\"https:\/\/sistematorge.com.br\/site\/valores\/\" class=\"elementor-item\" tabindex=\"-1\">Planos<\/a><\/li>\n<\/ul>\t\t\t<\/nav>\n\t\t\t\t\t\t<\/div>\n\t\t\t\t<\/div>\n\t\t<div class=\"elementor-element elementor-element-4b4ad579 e-con-full elementor-hidden-mobile e-flex e-con e-child\" data-id=\"4b4ad579\" data-element_type=\"container\" data-e-type=\"container\">\n\t\t\t\t<div class=\"elementor-element elementor-element-651cdda6 elementor-widget elementor-widget-button\" data-id=\"651cdda6\" data-element_type=\"widget\" data-e-type=\"widget\" data-widget_type=\"button.default\">\n\t\t\t\t\t\t\t\t\t\t<a class=\"elementor-button elementor-button-link elementor-size-sm\" href=\"https:\/\/sistematorge.com.br\/site\/valores\/\">\n\t\t\t\t\t\t<span class=\"elementor-button-content-wrapper\">\n\t\t\t\t\t\t\t\t\t<span class=\"elementor-button-text\">Teste Gr\u00e1tis!<\/span>\n\t\t\t\t\t<\/span>\n\t\t\t\t\t<\/a>\n\t\t\t\t\t\t\t\t<\/div>\n\t\t\t\t<div class=\"elementor-element elementor-element-4abf78ad elementor-widget elementor-widget-button\" data-id=\"4abf78ad\" data-element_type=\"widget\" data-e-type=\"widget\" data-widget_type=\"button.default\">\n\t\t\t\t\t\t\t\t\t\t<a class=\"elementor-button elementor-button-link elementor-size-sm\" href=\"https:\/\/app.torge.com.br\/#\/login?dest=%2F\" target=\"_blank\">\n\t\t\t\t\t\t<span class=\"elementor-button-content-wrapper\">\n\t\t\t\t\t\t\t\t\t<span class=\"elementor-button-text\">Login<\/span>\n\t\t\t\t\t<\/span>\n\t\t\t\t\t<\/a>\n\t\t\t\t\t\t\t\t<\/div>\n\t\t\t\t<\/div>\n\t\t\t\t\t<\/div>\n\t\t\t\t<\/div>\n\t\t<div class=\"elementor-element elementor-element-5594f14 e-flex e-con-boxed e-con e-parent\" data-id=\"5594f14\" data-element_type=\"container\" data-e-type=\"container\" data-settings=\"{&quot;background_background&quot;:&quot;classic&quot;}\">\n\t\t\t\t\t<div class=\"e-con-inner\">\n\t\t<div class=\"elementor-element elementor-element-5abae8a e-con-full e-flex e-con e-child\" data-id=\"5abae8a\" data-element_type=\"container\" data-e-type=\"container\">\n\t\t\t\t<div class=\"elementor-element elementor-element-65e386b elementor-widget elementor-widget-heading\" data-id=\"65e386b\" data-element_type=\"widget\" data-e-type=\"widget\" data-widget_type=\"heading.default\">\n\t\t\t\t\t<h2 class=\"elementor-heading-title elementor-size-default\">Tenha um Sistema Completo <span style=\"color:#2eb5aa\">Para Alavancar a Sua Empresa<\/span>.<\/h2>\t\t\t\t<\/div>\n\t\t\t\t<div class=\"elementor-element elementor-element-f1b8bc1 elementor-widget elementor-widget-text-editor\" data-id=\"f1b8bc1\" data-element_type=\"widget\" data-e-type=\"widget\" data-widget_type=\"text-editor.default\">\n\t\t\t\t\t\t\t\t\t<p data-start=\"593\" data-end=\"785\">Mais do que um sistema, voc\u00ea est\u00e1 investindo em organiza\u00e7\u00e3o, controle e crescimento. Com o Sistema Torge, sua empresa ganha efici\u00eancia, reduz erros operacionais e melhora a tomada de decis\u00f5es.<\/p>\t\t\t\t\t\t\t\t<\/div>\n\t\t\t\t<\/div>\n\t\t<div class=\"elementor-element elementor-element-670f72d e-con-full e-flex e-con e-child\" data-id=\"670f72d\" data-element_type=\"container\" data-e-type=\"container\">\n\t\t\t\t<div class=\"elementor-element elementor-element-7ba029e elementor-widget elementor-widget-image\" data-id=\"7ba029e\" data-element_type=\"widget\" data-e-type=\"widget\" data-widget_type=\"image.default\">\n\t\t\t\t\t\t\t\t\t\t\t\t\t\t\t<img decoding=\"async\" width=\"1350\" height=\"1350\" src=\"https:\/\/sistematorge.com.br\/site\/wp-content\/uploads\/2026\/03\/hudasudad.png\" class=\"attachment-full size-full wp-image-532\" alt=\"\" srcset=\"https:\/\/sistematorge.com.br\/site\/wp-content\/uploads\/2026\/03\/hudasudad.png 1350w, https:\/\/sistematorge.com.br\/site\/wp-content\/uploads\/2026\/03\/hudasudad-300x300.png 300w, https:\/\/sistematorge.com.br\/site\/wp-content\/uploads\/2026\/03\/hudasudad-1024x1024.png 1024w, https:\/\/sistematorge.com.br\/site\/wp-content\/uploads\/2026\/03\/hudasudad-150x150.png 150w, https:\/\/sistematorge.com.br\/site\/wp-content\/uploads\/2026\/03\/hudasudad-768x768.png 768w\" sizes=\"(max-width: 1350px) 100vw, 1350px\" \/>\t\t\t\t\t\t\t\t\t\t\t\t\t\t\t<\/div>\n\t\t\t\t<\/div>\n\t\t\t\t\t<\/div>\n\t\t\t\t<\/div>\n\t\t<div class=\"elementor-element elementor-element-25f9dce e-flex e-con-boxed e-con e-parent\" data-id=\"25f9dce\" data-element_type=\"container\" data-e-type=\"container\">\n\t\t\t\t\t<div class=\"e-con-inner\">\n\t\t<div class=\"elementor-element elementor-element-a521663 e-con-full e-flex e-con e-child\" data-id=\"a521663\" data-element_type=\"container\" data-e-type=\"container\">\n\t\t\t\t<div class=\"elementor-element elementor-element-89b6610 elementor-widget elementor-widget-text-editor\" data-id=\"89b6610\" data-element_type=\"widget\" data-e-type=\"widget\" data-widget_type=\"text-editor.default\">\n\t\t\t\t\t\t\t\t\t<p>D\u00ea o primeiro passo para organizar sua empresa.<\/p>\t\t\t\t\t\t\t\t<\/div>\n\t\t<div class=\"elementor-element elementor-element-86bf905 e-con-full e-flex e-con e-child\" data-id=\"86bf905\" data-element_type=\"container\" data-e-type=\"container\" id=\"testegratis\">\n\t\t\t\t<div class=\"elementor-element elementor-element-eaf6a0f elementor-widget elementor-widget-heading\" data-id=\"eaf6a0f\" data-element_type=\"widget\" data-e-type=\"widget\" data-widget_type=\"heading.default\">\n\t\t\t\t\t<h2 class=\"elementor-heading-title elementor-size-default\">Valor do plano:<\/h2>\t\t\t\t<\/div>\n\t\t\t\t<div class=\"elementor-element elementor-element-2d2d9cb elementor-widget elementor-widget-heading\" data-id=\"2d2d9cb\" data-element_type=\"widget\" data-e-type=\"widget\" data-widget_type=\"heading.default\">\n\t\t\t\t\t<h2 class=\"elementor-heading-title elementor-size-default\">R$99,00\/m\u00eas<\/h2>\t\t\t\t<\/div>\n\t\t\t\t<div class=\"elementor-element elementor-element-6fe0c55 elementor-align-start elementor-mobile-align-start elementor-icon-list--layout-traditional elementor-list-item-link-full_width elementor-widget elementor-widget-icon-list\" data-id=\"6fe0c55\" data-element_type=\"widget\" data-e-type=\"widget\" data-widget_type=\"icon-list.default\">\n\t\t\t\t\t\t\t<ul class=\"elementor-icon-list-items\">\n\t\t\t\t\t\t\t<li class=\"elementor-icon-list-item\">\n\t\t\t\t\t\t\t\t\t\t\t<span class=\"elementor-icon-list-icon\">\n\t\t\t\t\t\t\t<svg aria-hidden=\"true\" class=\"e-font-icon-svg e-far-check-circle\" viewBox=\"0 0 512 512\" xmlns=\"http:\/\/www.w3.org\/2000\/svg\"><path d=\"M256 8C119.033 8 8 119.033 8 256s111.033 248 248 248 248-111.033 248-248S392.967 8 256 8zm0 48c110.532 0 200 89.451 200 200 0 110.532-89.451 200-200 200-110.532 0-200-89.451-200-200 0-110.532 89.451-200 200-200m140.204 130.267l-22.536-22.718c-4.667-4.705-12.265-4.736-16.97-.068L215.346 303.697l-59.792-60.277c-4.667-4.705-12.265-4.736-16.97-.069l-22.719 22.536c-4.705 4.667-4.736 12.265-.068 16.971l90.781 91.516c4.667 4.705 12.265 4.736 16.97.068l172.589-171.204c4.704-4.668 4.734-12.266.067-16.971z\"><\/path><\/svg>\t\t\t\t\t\t<\/span>\n\t\t\t\t\t\t\t\t\t\t<span class=\"elementor-icon-list-text\">Preencha o formul\u00e1rio e <b>teste gr\u00e1tis por 30 dias.<\/b><\/span>\n\t\t\t\t\t\t\t\t\t<\/li>\n\t\t\t\t\t\t<\/ul>\n\t\t\t\t\t\t<\/div>\n\t\t\t\t<\/div>\n\t\t\t\t<\/div>\n\t\t<div class=\"elementor-element elementor-element-a0d9044 e-con-full e-flex e-con e-child\" data-id=\"a0d9044\" data-element_type=\"container\" data-e-type=\"container\">\n\t\t\t\t<div class=\"elementor-element elementor-element-9442cdd elementor-widget elementor-widget-html\" data-id=\"9442cdd\" data-element_type=\"widget\" data-e-type=\"widget\" data-widget_type=\"html.default\">\n\t\t\t\t\t<div class=\"form-box\">\r\n\r\n  <h2>Preencha os dados<br>e teste gr\u00e1tis!<\/h2>\r\n\r\n  <form id=\"formContato\">\r\n\r\n    <label>Nome completo:<\/label>\r\n    <input type=\"text\" name=\"nome\" placeholder=\"Digite o nome completo\" required>\r\n\r\n    <label>E-mail:<\/label>\r\n    <input type=\"email\" name=\"email\" placeholder=\"Digite seu e-mail\" required>\r\n\r\n    <label>Digite seu n\u00famero:<\/label>\r\n    <input type=\"tel\" name=\"telefone\" placeholder=\"Telefone (com DDD)\" required>\r\n\r\n    <label>Segmento da empresa:<\/label>\r\n    <input type=\"text\" name=\"segmento\" placeholder=\"\u00c1rea de atua\u00e7\u00e3o da empresa\" required>\r\n\r\n    <!-- Campos ocultos para envio -->\r\n    <input type=\"hidden\" name=\"_captcha\" value=\"false\">\r\n    <input type=\"hidden\" name=\"_template\" value=\"table\">\r\n\r\n    <button type=\"submit\">Enviar<\/button>\r\n\r\n    <p id=\"mensagem-sucesso\" style=\"display: none; margin-top: 20px; background: #2eb5aa; padding: 15px; border-radius: 10px; text-align: center; font-size: 14px;\">\r\n      Obrigado por nos contatar, em breve um de nossos especialistas entrar\u00e1 em contato.\r\n    <\/p>\r\n\r\n  <\/form>\r\n<\/div>\r\n\r\n<script>\r\ndocument.addEventListener(\"DOMContentLoaded\", function() {\r\n\r\n  function initForm() {\r\n    const form = document.getElementById(\"formContato\");\r\n    const mensagem = document.getElementById(\"mensagem-sucesso\");\r\n\r\n    if (!form) return;\r\n\r\n    form.addEventListener(\"submit\", function(e) {\r\n      e.preventDefault();\r\n\r\n      const data = new FormData(form);\r\n\r\n      fetch(\"https:\/\/formsubmit.co\/ajax\/remanos@gmail.com\", {\r\n        method: \"POST\",\r\n        body: data\r\n      })\r\n      .then(response => response.json())\r\n      .then(data => {\r\n        form.reset();\r\n        mensagem.style.display = \"block\";\r\n      })\r\n      .catch(error => {\r\n        alert(\"Erro ao enviar. Tente novamente.\");\r\n      });\r\n    });\r\n  }\r\n\r\n  initForm();\r\n\r\n  \/\/ Compatibilidade com Elementor\r\n  if (window.elementorFrontend) {\r\n    elementorFrontend.hooks.addAction(\r\n      'frontend\/element_ready\/global',\r\n      function() {\r\n        initForm();\r\n      }\r\n    );\r\n  }\r\n\r\n});\r\n<\/script>\t\t\t\t<\/div>\n\t\t<div class=\"elementor-element elementor-element-be77ea3 e-con-full e-flex e-con e-child\" data-id=\"be77ea3\" data-element_type=\"container\" data-e-type=\"container\">\n\t\t\t\t<div class=\"elementor-element elementor-element-e266701 elementor-widget__width-initial elementor-widget elementor-widget-image\" data-id=\"e266701\" data-element_type=\"widget\" data-e-type=\"widget\" data-widget_type=\"image.default\">\n\t\t\t\t\t\t\t\t\t\t\t\t\t\t\t<img decoding=\"async\" width=\"700\" height=\"300\" src=\"https:\/\/sistematorge.com.br\/site\/wp-content\/uploads\/2026\/03\/logotorge.png\" class=\"attachment-full size-full wp-image-60\" alt=\"\" srcset=\"https:\/\/sistematorge.com.br\/site\/wp-content\/uploads\/2026\/03\/logotorge.png 700w, https:\/\/sistematorge.com.br\/site\/wp-content\/uploads\/2026\/03\/logotorge-300x129.png 300w\" sizes=\"(max-width: 700px) 100vw, 700px\" \/>\t\t\t\t\t\t\t\t\t\t\t\t\t\t\t<\/div>\n\t\t\t\t<\/div>\n\t\t\t\t<\/div>\n\t\t\t\t\t<\/div>\n\t\t\t\t<\/div>\n\t\t<div class=\"elementor-element elementor-element-7ae73f8a e-flex e-con-boxed e-con e-parent\" data-id=\"7ae73f8a\" data-element_type=\"container\" data-e-type=\"container\" data-settings=\"{&quot;background_background&quot;:&quot;classic&quot;}\">\n\t\t\t\t\t<div class=\"e-con-inner\">\n\t\t<div class=\"elementor-element elementor-element-340768bb e-con-full e-flex e-con e-child\" data-id=\"340768bb\" data-element_type=\"container\" data-e-type=\"container\">\n\t\t<div class=\"elementor-element elementor-element-52224774 e-con-full e-flex e-con e-child\" data-id=\"52224774\" data-element_type=\"container\" data-e-type=\"container\">\n\t\t\t\t<div class=\"elementor-element elementor-element-1ed07e81 elementor-widget__width-initial elementor-widget elementor-widget-image\" data-id=\"1ed07e81\" data-element_type=\"widget\" data-e-type=\"widget\" data-widget_type=\"image.default\">\n\t\t\t\t\t\t\t\t\t\t\t\t\t\t\t<img loading=\"lazy\" decoding=\"async\" width=\"700\" height=\"300\" src=\"https:\/\/sistematorge.com.br\/site\/wp-content\/uploads\/2026\/03\/torge2.png\" class=\"attachment-large size-large wp-image-99\" alt=\"\" srcset=\"https:\/\/sistematorge.com.br\/site\/wp-content\/uploads\/2026\/03\/torge2.png 700w, https:\/\/sistematorge.com.br\/site\/wp-content\/uploads\/2026\/03\/torge2-300x129.png 300w\" sizes=\"(max-width: 700px) 100vw, 700px\" \/>\t\t\t\t\t\t\t\t\t\t\t\t\t\t\t<\/div>\n\t\t\t\t<div class=\"elementor-element elementor-element-4bdc28fe elementor-widget__width-initial elementor-widget elementor-widget-text-editor\" data-id=\"4bdc28fe\" data-element_type=\"widget\" data-e-type=\"widget\" data-widget_type=\"text-editor.default\">\n\t\t\t\t\t\t\t\t\t<p>Revendedor Autorizado<br \/>Solu\u00e7\u00f5es em tecnologia e sistemas<br \/>para automa\u00e7\u00e3o comercial.<\/p>\t\t\t\t\t\t\t\t<\/div>\n\t\t\t\t<div class=\"elementor-element elementor-element-a9028a elementor-widget elementor-widget-text-editor\" data-id=\"a9028a\" data-element_type=\"widget\" data-e-type=\"widget\" data-widget_type=\"text-editor.default\">\n\t\t\t\t\t\t\t\t\t<p>R. Jo\u00e3o Fascina n\u00ba170<br \/>Jardim Heitor, Pitangueiras \u2013 SP<br \/>CEP: 14753-050<\/p>\t\t\t\t\t\t\t\t<\/div>\n\t\t\t\t<\/div>\n\t\t<div class=\"elementor-element elementor-element-74170efe e-con-full e-flex e-con e-child\" data-id=\"74170efe\" data-element_type=\"container\" data-e-type=\"container\">\n\t\t<div class=\"elementor-element elementor-element-27b80e30 e-con-full e-flex e-con e-child\" data-id=\"27b80e30\" data-element_type=\"container\" data-e-type=\"container\">\n\t\t\t\t<div class=\"elementor-element elementor-element-5a09fd94 elementor-widget elementor-widget-text-editor\" data-id=\"5a09fd94\" data-element_type=\"widget\" data-e-type=\"widget\" data-widget_type=\"text-editor.default\">\n\t\t\t\t\t\t\t\t\t<p>Navega\u00e7\u00e3o:<\/p>\t\t\t\t\t\t\t\t<\/div>\n\t\t\t\t<div class=\"elementor-element elementor-element-31638b40 elementor-widget elementor-widget-text-editor\" data-id=\"31638b40\" data-element_type=\"widget\" data-e-type=\"widget\" data-widget_type=\"text-editor.default\">\n\t\t\t\t\t\t\t\t\t<p><a href=\"https:\/\/sistematorge.com.br\/site\/\">In\u00edcio<\/a><\/p>\t\t\t\t\t\t\t\t<\/div>\n\t\t\t\t<div class=\"elementor-element elementor-element-418463c4 elementor-widget elementor-widget-text-editor\" data-id=\"418463c4\" data-element_type=\"widget\" data-e-type=\"widget\" data-widget_type=\"text-editor.default\">\n\t\t\t\t\t\t\t\t\t<p><a href=\"https:\/\/sistematorge.com.br\/site\/segmentos\">Segmentos<\/a><\/p>\t\t\t\t\t\t\t\t<\/div>\n\t\t\t\t<div class=\"elementor-element elementor-element-55fd1e69 elementor-widget elementor-widget-text-editor\" data-id=\"55fd1e69\" data-element_type=\"widget\" data-e-type=\"widget\" data-widget_type=\"text-editor.default\">\n\t\t\t\t\t\t\t\t\t<p><a href=\"https:\/\/sistematorge.com.br\/site\/sobre\">Sobre<\/a><\/p>\t\t\t\t\t\t\t\t<\/div>\n\t\t\t\t<div class=\"elementor-element elementor-element-27cd4f9e elementor-widget elementor-widget-text-editor\" data-id=\"27cd4f9e\" data-element_type=\"widget\" data-e-type=\"widget\" data-widget_type=\"text-editor.default\">\n\t\t\t\t\t\t\t\t\t<p><a href=\"https:\/\/sistematorge.com.br\/site\/valores\">Valores<\/a><\/p>\t\t\t\t\t\t\t\t<\/div>\n\t\t\t\t<\/div>\n\t\t\t\t<\/div>\n\t\t<div class=\"elementor-element elementor-element-730d2ba1 e-con-full e-flex e-con e-child\" data-id=\"730d2ba1\" data-element_type=\"container\" data-e-type=\"container\">\n\t\t\t\t<div class=\"elementor-element elementor-element-ddf0c17 elementor-widget__width-initial elementor-widget elementor-widget-image\" data-id=\"ddf0c17\" data-element_type=\"widget\" data-e-type=\"widget\" data-widget_type=\"image.default\">\n\t\t\t\t\t\t\t\t\t\t\t\t\t\t\t\t<a href=\"https:\/\/apps.apple.com\/br\/app\/torge-sistema\/id6751514435\" target=\"_blank\">\n\t\t\t\t\t\t\t<img loading=\"lazy\" decoding=\"async\" width=\"700\" height=\"300\" src=\"https:\/\/sistematorge.com.br\/site\/wp-content\/uploads\/2026\/03\/appstore-1.png\" class=\"attachment-full size-full wp-image-237\" alt=\"\" srcset=\"https:\/\/sistematorge.com.br\/site\/wp-content\/uploads\/2026\/03\/appstore-1.png 700w, https:\/\/sistematorge.com.br\/site\/wp-content\/uploads\/2026\/03\/appstore-1-300x129.png 300w\" sizes=\"(max-width: 700px) 100vw, 700px\" \/>\t\t\t\t\t\t\t\t<\/a>\n\t\t\t\t\t\t\t\t\t\t\t\t\t\t\t<\/div>\n\t\t\t\t<div class=\"elementor-element elementor-element-4d8689df elementor-widget__width-initial elementor-widget elementor-widget-image\" data-id=\"4d8689df\" data-element_type=\"widget\" data-e-type=\"widget\" data-widget_type=\"image.default\">\n\t\t\t\t\t\t\t\t\t\t\t\t\t\t\t\t<a href=\"https:\/\/play.google.com\/store\/apps\/details?id=app.torge.sistema&#038;hl=pt_BR\" target=\"_blank\">\n\t\t\t\t\t\t\t<img loading=\"lazy\" decoding=\"async\" width=\"700\" height=\"300\" src=\"https:\/\/sistematorge.com.br\/site\/wp-content\/uploads\/2026\/03\/googleplay-1.png\" class=\"attachment-full size-full wp-image-238\" alt=\"\" srcset=\"https:\/\/sistematorge.com.br\/site\/wp-content\/uploads\/2026\/03\/googleplay-1.png 700w, https:\/\/sistematorge.com.br\/site\/wp-content\/uploads\/2026\/03\/googleplay-1-300x129.png 300w\" sizes=\"(max-width: 700px) 100vw, 700px\" \/>\t\t\t\t\t\t\t\t<\/a>\n\t\t\t\t\t\t\t\t\t\t\t\t\t\t\t<\/div>\n\t\t\t\t<div class=\"elementor-element elementor-element-7f4a3537 elementor-widget__width-initial elementor-widget elementor-widget-image\" data-id=\"7f4a3537\" data-element_type=\"widget\" data-e-type=\"widget\" data-widget_type=\"image.default\">\n\t\t\t\t\t\t\t\t\t\t\t\t\t\t\t<img loading=\"lazy\" decoding=\"async\" width=\"500\" height=\"300\" src=\"https:\/\/sistematorge.com.br\/site\/wp-content\/uploads\/2026\/03\/revendedor.png\" class=\"attachment-full size-full wp-image-683\" alt=\"\" srcset=\"https:\/\/sistematorge.com.br\/site\/wp-content\/uploads\/2026\/03\/revendedor.png 500w, https:\/\/sistematorge.com.br\/site\/wp-content\/uploads\/2026\/03\/revendedor-300x180.png 300w\" sizes=\"(max-width: 500px) 100vw, 500px\" \/>\t\t\t\t\t\t\t\t\t\t\t\t\t\t\t<\/div>\n\t\t\t\t<\/div>\n\t\t\t\t<\/div>\n\t\t<div class=\"elementor-element elementor-element-6cab2818 e-con-full e-flex e-con e-child\" data-id=\"6cab2818\" data-element_type=\"container\" data-e-type=\"container\">\n\t\t\t\t<div class=\"elementor-element elementor-element-6f3ba39d elementor-widget elementor-widget-text-editor\" data-id=\"6f3ba39d\" data-element_type=\"widget\" data-e-type=\"widget\" data-widget_type=\"text-editor.default\">\n\t\t\t\t\t\t\t\t\t<p>\u00a92026 \u2013 Torge Sistemas | Todos os direitos reservados.<\/p>\t\t\t\t\t\t\t\t<\/div>\n\t\t\t\t<div class=\"elementor-element elementor-element-71bc84ed elementor-widget elementor-widget-text-editor\" data-id=\"71bc84ed\" data-element_type=\"widget\" data-e-type=\"widget\" data-widget_type=\"text-editor.default\">\n\t\t\t\t\t\t\t\t\t<p><a href=\"https:\/\/sistematorge.com.br\/site\/termos-de-uso\">Termos de Uso<\/a><\/p>\t\t\t\t\t\t\t\t<\/div>\n\t\t\t\t<div class=\"elementor-element elementor-element-c0e21a5 elementor-widget elementor-widget-text-editor\" data-id=\"c0e21a5\" data-element_type=\"widget\" data-e-type=\"widget\" data-widget_type=\"text-editor.default\">\n\t\t\t\t\t\t\t\t\t<p><a href=\"https:\/\/sistematorge.com.br\/site\/politica-de-privacidade\">Pol\u00edtica de Privacidade<\/a><\/p>\t\t\t\t\t\t\t\t<\/div>\n\t\t\t\t<\/div>\n\t\t\t\t\t<\/div>\n\t\t\t\t<\/div>\n\t\t\t\t<\/div>\n\t\t","protected":false},"excerpt":{"rendered":"<p>Teste Gr\u00e1tis! Login Tenha um Sistema Completo Para Alavancar a Sua Empresa. Mais do que um sistema, voc\u00ea est\u00e1 investindo em organiza\u00e7\u00e3o, controle e crescimento. Com o Sistema Torge, sua empresa ganha efici\u00eancia, reduz erros operacionais e melhora a tomada de decis\u00f5es. D\u00ea o primeiro passo para organizar sua empresa. Valor do plano: R$99,00\/m\u00eas Preencha [&hellip;]<\/p>\n","protected":false},"author":1,"featured_media":0,"parent":0,"menu_order":0,"comment_status":"closed","ping_status":"closed","template":"elementor_canvas","meta":{"footnotes":""},"class_list":["post-299","page","type-page","status-publish","hentry"],"_links":{"self":[{"href":"https:\/\/sistematorge.com.br\/site\/wp-json\/wp\/v2\/pages\/299","targetHints":{"allow":["GET"]}}],"collection":[{"href":"https:\/\/sistematorge.com.br\/site\/wp-json\/wp\/v2\/pages"}],"about":[{"href":"https:\/\/sistematorge.com.br\/site\/wp-json\/wp\/v2\/types\/page"}],"author":[{"embeddable":true,"href":"https:\/\/sistematorge.com.br\/site\/wp-json\/wp\/v2\/users\/1"}],"replies":[{"embeddable":true,"href":"https:\/\/sistematorge.com.br\/site\/wp-json\/wp\/v2\/comments?post=299"}],"version-history":[{"count":100,"href":"https:\/\/sistematorge.com.br\/site\/wp-json\/wp\/v2\/pages\/299\/revisions"}],"predecessor-version":[{"id":867,"href":"https:\/\/sistematorge.com.br\/site\/wp-json\/wp\/v2\/pages\/299\/revisions\/867"}],"wp:attachment":[{"href":"https:\/\/sistematorge.com.br\/site\/wp-json\/wp\/v2\/media?parent=299"}],"curies":[{"name":"wp","href":"https:\/\/api.w.org\/{rel}","templated":true}]}}